{"id":17263,"date":"2020-09-28T22:47:49","date_gmt":"2020-09-28T20:47:49","guid":{"rendered":"https:\/\/www.jaxsunsports.com\/new-jaxsun-sports-website-coming-soon-be-patient\/"},"modified":"2025-01-10T14:18:41","modified_gmt":"2025-01-10T13:18:41","slug":"new-jaxsun-sports-website-coming-soon-be-patient","status":"publish","type":"page","link":"https:\/\/www.jaxsunsports.com\/en\/new-jaxsun-sports-website-coming-soon-be-patient\/","title":{"rendered":"New Jaxsun sports website coming soon&#8230; Be patient"},"content":{"rendered":"<p><div class=\"fusion-fullwidth fullwidth-box fusion-builder-row-1 fusion-flex-container fusion-parallax-none nonhundred-percent-fullwidth non-hundred-percent-height-scrolling lazyload\" style=\"--awb-background-position:left top;--awb-border-color:#c8c8c8;--awb-border-radius-top-left:0px;--awb-border-radius-top-right:0px;--awb-border-radius-bottom-right:0px;--awb-border-radius-bottom-left:0px;--awb-padding-top:20px;--awb-padding-right:0px;--awb-padding-bottom:0px;--awb-padding-left:0px;--awb-background-color:#f8f8f8;--awb-background-size:cover;--awb-border-sizes-top:1px;--awb-border-sizes-bottom:1px;--awb-flex-wrap:wrap;\" data-bg=\"http:\/\/www.jaxsunsports.com\/wp-content\/uploads\/2015\/03\/Cours-kitesurf-Jaxsun-Phil-et-Erwin-30.jpg\" ><div class=\"fusion-builder-row fusion-row fusion-flex-align-items-flex-start fusion-flex-content-wrap\" style=\"max-width:calc( 1100px + 0px );margin-left: calc(-0px \/ 2 );margin-right: calc(-0px \/ 2 );\"><div class=\"fusion-layout-column fusion_builder_column fusion-builder-column-0 fusion_builder_column_1_1 1_1 fusion-flex-column fusion-flex-align-self-flex-start fusion-column-no-min-height\" style=\"--awb-bg-size:cover;--awb-width-large:100%;--awb-margin-top-large:0px;--awb-spacing-right-large:0px;--awb-margin-bottom-large:0px;--awb-spacing-left-large:0px;--awb-width-medium:100%;--awb-spacing-right-medium:0px;--awb-spacing-left-medium:0px;--awb-width-small:100%;--awb-spacing-right-small:0px;--awb-spacing-left-small:0px;\"><div class=\"fusion-column-wrapper fusion-flex-justify-content-flex-start fusion-content-layout-column\"><div class=\"fusion-text fusion-text-1\"><h1 style=\"text-align: center; font-size: 40px !important;\">Ecole de Kitesurf<\/h1>\n<h1 style=\"text-align: center; font-size: 40px !important;\">JAXSUN\u00a0sports<\/h1>\n<h1 style=\"text-align: center; font-size: 40px !important;\">en travaux<\/h1>\n<p style=\"text-align: center; margin-top: -20px;\"><strong>Jaxsun sports<\/strong>\u00a0vous demande un peu de patience et vous ouvrira bient\u00f4t les portes d&#8217;un <strong>nouveau site web<\/strong>!<\/p>\n<p style=\"text-align: center; margin-top: -20px;\">Nous contacter pour tous renseignements au : +32 498 70 37 50<\/p>\n<p style=\"text-align: center; margin-top: -20px;\">info@jaxsunsports.com<\/p>\n<\/div><div class=\"fusion-separator fusion-full-width-sep\" style=\"align-self: center;margin-left: auto;margin-right: auto;margin-top:80px;width:100%;\"><\/div><\/div><\/div><div class=\"fusion-layout-column fusion_builder_column fusion-builder-column-1 fusion_builder_column_1_1 1_1 fusion-flex-column fusion-flex-align-self-flex-start fusion-column-no-min-height\" style=\"--awb-bg-size:cover;--awb-width-large:100%;--awb-margin-top-large:0px;--awb-spacing-right-large:0px;--awb-margin-bottom-large:0px;--awb-spacing-left-large:0px;--awb-width-medium:100%;--awb-spacing-right-medium:0px;--awb-spacing-left-medium:0px;--awb-width-small:100%;--awb-spacing-right-small:0px;--awb-spacing-left-small:0px;\"><div class=\"fusion-column-wrapper fusion-flex-justify-content-flex-start fusion-content-layout-column\"><div class=\"fusion-content-boxes content-boxes columns row fusion-columns-3 fusion-columns-total-3 fusion-content-boxes-1 content-boxes-icon-boxed content-left\" style=\"--awb-hover-accent-color:#1a80b6;--awb-circle-hover-accent-color:#1a80b6;\" data-animationOffset=\"top-into-view\"><div style=\"--awb-backgroundcolor:rgba(255,255,255,0);\" class=\"fusion-column content-box-column content-box-column content-box-column-1 col-lg-4 col-md-4 col-sm-4 fusion-content-box-hover content-box-column-first-in-row\"><div class=\"col content-box-wrapper content-wrapper content-wrapper-boxed link-area-link-icon link-type-text icon-hover-animation-fade\" data-animationOffset=\"top-into-view\"><div class=\"heading icon-left\"><a class=\"heading-link\" href=\"http:\/\/www.jaxsunsports.com\" target=\"_self\"><h2 class=\"content-box-heading fusion-responsive-typography-calculated\" style=\"--h2_typography-font-size:18px;--fontSize:18;line-height:1.5;\">Plus clair et plus convivial<\/h2><\/a><\/div><div class=\"fusion-clearfix\"><\/div><div class=\"content-container\">\n<p>If you want to learn kite surfing then <span class=\"fusion-tooltip tooltip-shortcode\" data-animation=\"\" data-delay=\"0\" data-placement=\"top\" data-title=\"Jaxsun l&#039;\u00e9cole qu&#039;il vous faut!\" title=\"Jaxsun l&#039;\u00e9cole qu&#039;il vous faut!\" data-toggle=\"tooltip\" data-trigger=\"hover\"><strong>\u00a0Jaxsun sports <\/strong><\/span>, est l&#8217;\u00e9cole qu&#8217;il vous faut.<\/p>\n<\/div><\/div><\/div><div style=\"--awb-backgroundcolor:rgba(255,255,255,0);\" class=\"fusion-column content-box-column content-box-column content-box-column-2 col-lg-4 col-md-4 col-sm-4 fusion-content-box-hover \"><div class=\"col content-box-wrapper content-wrapper content-wrapper-boxed link-area-link-icon link-type-text icon-hover-animation-fade\" data-animationOffset=\"top-into-view\"><div class=\"heading heading-with-icon icon-left\"><a class=\"heading-link\" href=\"http:\/\/www.jaxsunsports.com\" target=\"_self\"><div class=\"icon\"><i style=\"border-color:#333333;border-width:1px;background-color:#333333;box-sizing:content-box;height:42px;width:42px;line-height:42px;top:-71px;margin-left:-21px;border-radius:50%;font-size:21px;\" aria-hidden=\"true\" class=\"fontawesome-icon fa-pen-fancy fas circle-yes\"><\/i><\/div><h2 class=\"content-box-heading fusion-responsive-typography-calculated\" style=\"--h2_typography-font-size:18px;--fontSize:18;line-height:1.5;\">Un enseignement de qualit\u00e9<\/h2><\/a><\/div><div class=\"fusion-clearfix\"><\/div><div class=\"content-container\">\n<p>Nous apportons un point important sur la s\u00e9curit\u00e9. C&#8217;est <span class=\"fusion-tooltip tooltip-shortcode\" data-animation=\"\" data-delay=\"0\" data-placement=\"top\" data-title=\"D\u00e9j\u00e0 plus de 3000 \u00e9l\u00e8ves!\" title=\"D\u00e9j\u00e0 plus de 3000 \u00e9l\u00e8ves!\" data-toggle=\"tooltip\" data-trigger=\"hover\"><strong>\u00a0une passion avant tout!<\/strong><\/span> Your safety is our job.<\/p>\n<\/div><\/div><\/div><div style=\"--awb-backgroundcolor:rgba(255,255,255,0);\" class=\"fusion-column content-box-column content-box-column content-box-column-3 col-lg-4 col-md-4 col-sm-4 fusion-content-box-hover content-box-column-last content-box-column-last-in-row\"><div class=\"col content-box-wrapper content-wrapper content-wrapper-boxed link-area-link-icon link-type-text icon-hover-animation-fade\" data-animationOffset=\"top-into-view\"><div class=\"heading heading-with-icon icon-left\"><a class=\"heading-link\" href=\"http:\/\/www.jaxsunsports.com\" target=\"_self\"><div class=\"icon\"><i style=\"border-color:#333333;border-width:1px;background-color:#333333;box-sizing:content-box;height:42px;width:42px;line-height:42px;top:-71px;margin-left:-21px;border-radius:50%;font-size:21px;\" aria-hidden=\"true\" class=\"fontawesome-icon fa-heart far circle-yes\"><\/i><\/div><h2 class=\"content-box-heading fusion-responsive-typography-calculated\" style=\"--h2_typography-font-size:18px;--fontSize:18;line-height:1.5;\">Des camps, des voyages, une famille <\/h2><\/a><\/div><div class=\"fusion-clearfix\"><\/div><div class=\"content-container\">\n<p>Jaxsun sports c&#8217;est avant tout <span class=\"fusion-tooltip tooltip-shortcode\" data-animation=\"\" data-delay=\"0\" data-placement=\"top\" data-title=\"Une famille, des amis, des passionn\u00e9es!\" title=\"Une famille, des amis, des passionn\u00e9es!\" data-toggle=\"tooltip\" data-trigger=\"hover\"><strong>un \u00e9tat d&#8217;esprit<\/strong><\/span> avec tout le plaisir de partager cette passion.<\/p>\n<\/div><\/div><\/div><div class=\"fusion-clearfix\"><\/div><\/div><\/div><\/div><\/div><\/div><div class=\"fusion-fullwidth fullwidth-box fusion-builder-row-2 fusion-flex-container hundred-percent-fullwidth non-hundred-percent-height-scrolling\" style=\"--awb-border-radius-top-left:0px;--awb-border-radius-top-right:0px;--awb-border-radius-bottom-right:0px;--awb-border-radius-bottom-left:0px;--awb-overflow:visible;--awb-margin-top:35px;--awb-background-color:rgba(255,255,255,0);--awb-flex-wrap:wrap;\" ><div class=\"fusion-builder-row fusion-row fusion-flex-align-items-flex-start fusion-flex-content-wrap\" style=\"width:calc( 100% + 0px ) !important;max-width:calc( 100% + 0px ) !important;margin-left: calc(-0px \/ 2 );margin-right: calc(-0px \/ 2 );\"><div class=\"fusion-layout-column fusion_builder_column fusion-builder-column-2 fusion_builder_column_1_1 1_1 fusion-flex-column fusion-flex-align-self-flex-start fusion-column-no-min-height\" style=\"--awb-bg-size:cover;--awb-width-large:100%;--awb-margin-top-large:0px;--awb-spacing-right-large:0px;--awb-margin-bottom-large:0px;--awb-spacing-left-large:0px;--awb-width-medium:100%;--awb-spacing-right-medium:0px;--awb-spacing-left-medium:0px;--awb-width-small:100%;--awb-spacing-right-small:0px;--awb-spacing-left-small:0px;\"><div class=\"fusion-column-wrapper fusion-flex-justify-content-flex-start fusion-content-layout-column\"><div class=\"fusion-separator fusion-full-width-sep\" style=\"align-self: center;margin-left: auto;margin-right: auto;width:100%;\"><\/div><\/div><\/div><\/div><\/div><div class=\"fusion-fullwidth fullwidth-box fusion-builder-row-3 fusion-flex-container hundred-percent-fullwidth non-hundred-percent-height-scrolling\" style=\"--awb-border-radius-top-left:0px;--awb-border-radius-top-right:0px;--awb-border-radius-bottom-right:0px;--awb-border-radius-bottom-left:0px;--awb-overflow:visible;--awb-flex-wrap:wrap;\" ><div class=\"fusion-builder-row fusion-row fusion-flex-align-items-flex-start fusion-flex-content-wrap\" style=\"width:calc( 100% + 0px ) !important;max-width:calc( 100% + 0px ) !important;margin-left: calc(-0px \/ 2 );margin-right: calc(-0px \/ 2 );\"><div class=\"fusion-layout-column fusion_builder_column fusion-builder-column-3 fusion_builder_column_1_1 1_1 fusion-flex-column fusion-flex-align-self-flex-start fusion-column-no-min-height\" style=\"--awb-bg-size:cover;--awb-width-large:100%;--awb-margin-top-large:0px;--awb-spacing-right-large:0px;--awb-margin-bottom-large:0px;--awb-spacing-left-large:0px;--awb-width-medium:100%;--awb-spacing-right-medium:0px;--awb-spacing-left-medium:0px;--awb-width-small:100%;--awb-spacing-right-small:0px;--awb-spacing-left-small:0px;\"><div class=\"fusion-column-wrapper fusion-flex-justify-content-flex-start fusion-content-layout-column\"><div class=\"fusion-text fusion-text-2\"><div class=\"fusion-title title fusion-title-1 fusion-title-text fusion-title-size-one\" style=\"--awb-margin-top-small:10px;--awb-margin-right-small:0px;--awb-margin-bottom-small:10px;--awb-margin-left-small:0px;\"><h1 class=\"fusion-title-heading title-heading-left fusion-responsive-typography-calculated\" style=\"margin:0;--fontSize:34;line-height:1.41;\">Suivez-nous<\/h1><span class=\"awb-title-spacer\"><\/span><div class=\"title-sep-container\"><div class=\"title-sep sep-single sep-solid\" style=\"border-color:var(--awb-color3);\"><\/div><\/div><\/div>\n<\/div><\/div><\/div><\/div><\/div><div class=\"fusion-fullwidth fullwidth-box fusion-builder-row-4 fusion-flex-container nonhundred-percent-fullwidth non-hundred-percent-height-scrolling\" style=\"--awb-background-position:left top;--awb-border-radius-top-left:0px;--awb-border-radius-top-right:0px;--awb-border-radius-bottom-right:0px;--awb-border-radius-bottom-left:0px;--awb-padding-top:20px;--awb-padding-right:0px;--awb-padding-bottom:20px;--awb-padding-left:0px;--awb-border-sizes-top:0px;--awb-border-sizes-bottom:0px;--awb-flex-wrap:wrap;\" ><div class=\"fusion-builder-row fusion-row fusion-flex-align-items-flex-start fusion-flex-content-wrap\" style=\"max-width:calc( 1100px + 0px );margin-left: calc(-0px \/ 2 );margin-right: calc(-0px \/ 2 );\"><div class=\"fusion-layout-column fusion_builder_column fusion-builder-column-4 fusion_builder_column_1_1 1_1 fusion-flex-column fusion-flex-align-self-flex-start fusion-column-no-min-height\" style=\"--awb-bg-size:cover;--awb-width-large:100%;--awb-margin-top-large:0px;--awb-spacing-right-large:0px;--awb-margin-bottom-large:0px;--awb-spacing-left-large:0px;--awb-width-medium:100%;--awb-spacing-right-medium:0px;--awb-spacing-left-medium:0px;--awb-width-small:100%;--awb-spacing-right-small:0px;--awb-spacing-left-small:0px;\"><div class=\"fusion-column-wrapper fusion-flex-justify-content-flex-start fusion-content-layout-column\"><div class=\"fusion-text fusion-text-3\"><div class=\"fusion-text fusion-text-3\"><\/div>\n<div id=\"mc_embed_signup\">\n<form id=\"mc-embedded-subscribe-form\" class=\"validate\" action=\"\/\/jaxsunsports.us2.list-manage.com\/subscribe\/post?u=8e25c020fd20d329c65224353&id=750678e761\" method=\"post\" name=\"mc-embedded-subscribe-form\" novalidate=\"\" target=\"_blank\">\n<div id=\"mc_embed_signup_scroll\">\n<div class=\"indicates-required\"><span class=\"asterisk\">*<\/span> Champs obligatoires<\/div>\n<div class=\"mc-field-group\"><label for=\"mce-LNAME\">Nom <span class=\"asterisk\">*<\/span><br \/>\n<\/label><br \/>\n<input id=\"mce-LNAME\" class=\"required\" name=\"LNAME\" type=\"text\" value=\"\" \/><\/div>\n<div class=\"mc-field-group\"><label for=\"mce-FNAME\">Pr\u00e9nom <span class=\"asterisk\">*<\/span><br \/>\n<\/label><br \/>\n<input id=\"mce-FNAME\" class=\"required\" name=\"FNAME\" type=\"text\" value=\"\" \/><\/div>\n<div class=\"mc-field-group\"><label for=\"mce-EMAIL\">Email <span class=\"asterisk\">*<\/span><br \/>\n<\/label><br \/>\n<input id=\"mce-EMAIL\" class=\"required email\" name=\"EMAIL\" type=\"email\" value=\"\" \/><\/div>\n<div class=\"mc-field-group size1of2\"><label for=\"mce-MMERGE3\">T\u00e9l\u00e9phone <\/label><br \/>\n<input id=\"mce-MMERGE3\" class=\"\" name=\"MMERGE3\" type=\"text\" value=\"\" \/><\/div>\n<div id=\"mce-responses\" class=\"clear\"><\/div>\n<p><!-- real people should not fill this in and expect good things - do not remove this or risk form bot signups--><\/p>\n<div style=\"position: absolute; left: -5000px;\"><input tabindex=\"-1\" name=\"b_8e25c020fd20d329c65224353_750678e761\" type=\"text\" value=\"\" \/><\/div>\n<div class=\"clear\"><input id=\"mc-embedded-subscribe\" class=\"button\" name=\"subscribe\" type=\"submit\" value=\"S'inscrire\" \/><\/div>\n<\/div>\n<\/form>\n<\/div>\n<p><script src=\"\/\/s3.amazonaws.com\/downloads.mailchimp.com\/js\/mc-validate.js\" type=\"text\/javascript\"><\/script><script type=\"text\/javascript\">\/\/ <![CDATA[ (function($) (jQuery));var $mcj = jQuery.noConflict(true); \/\/ ]]><\/script><br \/>\n<!--End mc_embed_signup--><\/p>\n<\/div><\/div><\/div><\/div><\/div><\/p>\n","protected":false},"excerpt":{"rendered":"","protected":false},"author":1,"featured_media":0,"parent":0,"menu_order":0,"comment_status":"closed","ping_status":"closed","template":"","meta":{"_price":"","_stock":"","_tribe_ticket_header":"","_tribe_default_ticket_provider":"Tribe__Tickets_Plus__Commerce__WooCommerce__Main","_tribe_ticket_capacity":"0","_ticket_start_date":"","_ticket_end_date":"","_tribe_ticket_show_description":"","_tribe_ticket_show_not_going":false,"_tribe_ticket_use_global_stock":"","_tribe_ticket_global_stock_level":"","_global_stock_mode":"","_global_stock_cap":"","_tribe_rsvp_for_event":"","_tribe_ticket_going_count":"","_tribe_ticket_not_going_count":"","_tribe_tickets_list":"[]","_tribe_ticket_has_attendee_info_fields":false,"footnotes":"","_tec_slr_enabled":"","_tec_slr_layout":""},"class_list":["post-17263","page","type-page","status-publish","hentry"],"yoast_head":"<!-- This site is optimized with the Yoast SEO plugin v27.5 - https:\/\/yoast.com\/product\/yoast-seo-wordpress\/ -->\n<title>New Jaxsun sports website coming soon... Be patient - Jaxsun sports Kiteschool<\/title>\n<meta name=\"robots\" content=\"index, follow, max-snippet:-1, max-image-preview:large, max-video-preview:-1\" \/>\n<link rel=\"canonical\" href=\"https:\/\/www.jaxsunsports.com\/en\/new-jaxsun-sports-website-coming-soon-be-patient\/\" \/>\n<meta property=\"og:locale\" content=\"en_US\" \/>\n<meta property=\"og:type\" content=\"article\" \/>\n<meta property=\"og:title\" content=\"New Jaxsun sports website coming soon... Be patient - Jaxsun sports Kiteschool\" \/>\n<meta property=\"og:url\" content=\"https:\/\/www.jaxsunsports.com\/en\/new-jaxsun-sports-website-coming-soon-be-patient\/\" \/>\n<meta property=\"og:site_name\" content=\"Jaxsun sports Kiteschool\" \/>\n<meta property=\"article:publisher\" content=\"https:\/\/www.facebook.com\/kitesurf.jaxsunsports\" \/>\n<meta property=\"article:modified_time\" content=\"2025-01-10T13:18:41+00:00\" \/>\n<meta property=\"og:image\" content=\"https:\/\/www.jaxsunsports.com\/wp-content\/uploads\/2018\/12\/matt-jaxsun-test-day-blade-kitesurf-maurice-ile.jpg\" \/>\n\t<meta property=\"og:image:width\" content=\"1097\" \/>\n\t<meta property=\"og:image:height\" content=\"400\" \/>\n\t<meta property=\"og:image:type\" content=\"image\/jpeg\" \/>\n<meta name=\"twitter:card\" content=\"summary_large_image\" \/>\n<meta name=\"twitter:site\" content=\"@jaxsunsports\" \/>\n<meta name=\"twitter:label1\" content=\"Est. reading time\" \/>\n\t<meta name=\"twitter:data1\" content=\"1 minute\" \/>\n<script type=\"application\/ld+json\" class=\"yoast-schema-graph\">{\"@context\":\"https:\\\/\\\/schema.org\",\"@graph\":[{\"@type\":\"WebPage\",\"@id\":\"https:\\\/\\\/www.jaxsunsports.com\\\/en\\\/new-jaxsun-sports-website-coming-soon-be-patient\\\/\",\"url\":\"https:\\\/\\\/www.jaxsunsports.com\\\/en\\\/new-jaxsun-sports-website-coming-soon-be-patient\\\/\",\"name\":\"New Jaxsun sports website coming soon... Be patient - Jaxsun sports Kiteschool\",\"isPartOf\":{\"@id\":\"https:\\\/\\\/www.jaxsunsports.com\\\/en\\\/#website\"},\"datePublished\":\"2020-09-28T20:47:49+00:00\",\"dateModified\":\"2025-01-10T13:18:41+00:00\",\"breadcrumb\":{\"@id\":\"https:\\\/\\\/www.jaxsunsports.com\\\/en\\\/new-jaxsun-sports-website-coming-soon-be-patient\\\/#breadcrumb\"},\"inLanguage\":\"en-US\",\"potentialAction\":[{\"@type\":\"ReadAction\",\"target\":[\"https:\\\/\\\/www.jaxsunsports.com\\\/en\\\/new-jaxsun-sports-website-coming-soon-be-patient\\\/\"]}]},{\"@type\":\"BreadcrumbList\",\"@id\":\"https:\\\/\\\/www.jaxsunsports.com\\\/en\\\/new-jaxsun-sports-website-coming-soon-be-patient\\\/#breadcrumb\",\"itemListElement\":[{\"@type\":\"ListItem\",\"position\":1,\"name\":\"Accueil\",\"item\":\"https:\\\/\\\/www.jaxsunsports.com\\\/en\\\/\"},{\"@type\":\"ListItem\",\"position\":2,\"name\":\"New Jaxsun sports website coming soon&#8230; Be patient\"}]},{\"@type\":\"WebSite\",\"@id\":\"https:\\\/\\\/www.jaxsunsports.com\\\/en\\\/#website\",\"url\":\"https:\\\/\\\/www.jaxsunsports.com\\\/en\\\/\",\"name\":\"Jaxsun sports - Ecole Priv\u00e9e de Kitesurf\",\"description\":\"Belgian Kitesurf School, private lessons and coaching\",\"publisher\":{\"@id\":\"https:\\\/\\\/www.jaxsunsports.com\\\/en\\\/#organization\"},\"alternateName\":\"Jaxsun Kitesurf School\",\"potentialAction\":[{\"@type\":\"SearchAction\",\"target\":{\"@type\":\"EntryPoint\",\"urlTemplate\":\"https:\\\/\\\/www.jaxsunsports.com\\\/en\\\/?s={search_term_string}\"},\"query-input\":{\"@type\":\"PropertyValueSpecification\",\"valueRequired\":true,\"valueName\":\"search_term_string\"}}],\"inLanguage\":\"en-US\"},{\"@type\":\"Organization\",\"@id\":\"https:\\\/\\\/www.jaxsunsports.com\\\/en\\\/#organization\",\"name\":\"Jaxsun sports Private Kiteschool\",\"url\":\"https:\\\/\\\/www.jaxsunsports.com\\\/en\\\/\",\"logo\":{\"@type\":\"ImageObject\",\"inLanguage\":\"en-US\",\"@id\":\"https:\\\/\\\/www.jaxsunsports.com\\\/en\\\/#\\\/schema\\\/logo\\\/image\\\/\",\"url\":\"https:\\\/\\\/www.jaxsunsports.com\\\/wp-content\\\/uploads\\\/2025\\\/01\\\/logo_jaxunxsportsmaller-2.png\",\"contentUrl\":\"https:\\\/\\\/www.jaxsunsports.com\\\/wp-content\\\/uploads\\\/2025\\\/01\\\/logo_jaxunxsportsmaller-2.png\",\"width\":250,\"height\":75,\"caption\":\"Jaxsun sports Private Kiteschool\"},\"image\":{\"@id\":\"https:\\\/\\\/www.jaxsunsports.com\\\/en\\\/#\\\/schema\\\/logo\\\/image\\\/\"},\"sameAs\":[\"https:\\\/\\\/www.facebook.com\\\/kitesurf.jaxsunsports\",\"https:\\\/\\\/x.com\\\/jaxsunsports\",\"https:\\\/\\\/instagram.com\\\/jaxsunsports\\\/\",\"https:\\\/\\\/be.linkedin.com\\\/pub\\\/mathieu-otjacques\\\/11\\\/217\\\/533\",\"https:\\\/\\\/www.youtube.com\\\/user\\\/Jaxsunsports\"]}]}<\/script>\n<!-- \/ Yoast SEO plugin. -->","yoast_head_json":{"title":"New Jaxsun sports website coming soon... Be patient - Jaxsun sports Kiteschool","robots":{"index":"index","follow":"follow","max-snippet":"max-snippet:-1","max-image-preview":"max-image-preview:large","max-video-preview":"max-video-preview:-1"},"canonical":"https:\/\/www.jaxsunsports.com\/en\/new-jaxsun-sports-website-coming-soon-be-patient\/","og_locale":"en_US","og_type":"article","og_title":"New Jaxsun sports website coming soon... Be patient - Jaxsun sports Kiteschool","og_url":"https:\/\/www.jaxsunsports.com\/en\/new-jaxsun-sports-website-coming-soon-be-patient\/","og_site_name":"Jaxsun sports Kiteschool","article_publisher":"https:\/\/www.facebook.com\/kitesurf.jaxsunsports","article_modified_time":"2025-01-10T13:18:41+00:00","og_image":[{"width":1097,"height":400,"url":"https:\/\/www.jaxsunsports.com\/wp-content\/uploads\/2018\/12\/matt-jaxsun-test-day-blade-kitesurf-maurice-ile.jpg","type":"image\/jpeg"}],"twitter_card":"summary_large_image","twitter_site":"@jaxsunsports","twitter_misc":{"Est. reading time":"1 minute"},"schema":{"@context":"https:\/\/schema.org","@graph":[{"@type":"WebPage","@id":"https:\/\/www.jaxsunsports.com\/en\/new-jaxsun-sports-website-coming-soon-be-patient\/","url":"https:\/\/www.jaxsunsports.com\/en\/new-jaxsun-sports-website-coming-soon-be-patient\/","name":"New Jaxsun sports website coming soon... Be patient - Jaxsun sports Kiteschool","isPartOf":{"@id":"https:\/\/www.jaxsunsports.com\/en\/#website"},"datePublished":"2020-09-28T20:47:49+00:00","dateModified":"2025-01-10T13:18:41+00:00","breadcrumb":{"@id":"https:\/\/www.jaxsunsports.com\/en\/new-jaxsun-sports-website-coming-soon-be-patient\/#breadcrumb"},"inLanguage":"en-US","potentialAction":[{"@type":"ReadAction","target":["https:\/\/www.jaxsunsports.com\/en\/new-jaxsun-sports-website-coming-soon-be-patient\/"]}]},{"@type":"BreadcrumbList","@id":"https:\/\/www.jaxsunsports.com\/en\/new-jaxsun-sports-website-coming-soon-be-patient\/#breadcrumb","itemListElement":[{"@type":"ListItem","position":1,"name":"Accueil","item":"https:\/\/www.jaxsunsports.com\/en\/"},{"@type":"ListItem","position":2,"name":"New Jaxsun sports website coming soon&#8230; Be patient"}]},{"@type":"WebSite","@id":"https:\/\/www.jaxsunsports.com\/en\/#website","url":"https:\/\/www.jaxsunsports.com\/en\/","name":"Jaxsun sports - Ecole Priv\u00e9e de Kitesurf","description":"Belgian Kitesurf School, private lessons and coaching","publisher":{"@id":"https:\/\/www.jaxsunsports.com\/en\/#organization"},"alternateName":"Jaxsun Kitesurf School","potentialAction":[{"@type":"SearchAction","target":{"@type":"EntryPoint","urlTemplate":"https:\/\/www.jaxsunsports.com\/en\/?s={search_term_string}"},"query-input":{"@type":"PropertyValueSpecification","valueRequired":true,"valueName":"search_term_string"}}],"inLanguage":"en-US"},{"@type":"Organization","@id":"https:\/\/www.jaxsunsports.com\/en\/#organization","name":"Jaxsun sports Private Kiteschool","url":"https:\/\/www.jaxsunsports.com\/en\/","logo":{"@type":"ImageObject","inLanguage":"en-US","@id":"https:\/\/www.jaxsunsports.com\/en\/#\/schema\/logo\/image\/","url":"https:\/\/www.jaxsunsports.com\/wp-content\/uploads\/2025\/01\/logo_jaxunxsportsmaller-2.png","contentUrl":"https:\/\/www.jaxsunsports.com\/wp-content\/uploads\/2025\/01\/logo_jaxunxsportsmaller-2.png","width":250,"height":75,"caption":"Jaxsun sports Private Kiteschool"},"image":{"@id":"https:\/\/www.jaxsunsports.com\/en\/#\/schema\/logo\/image\/"},"sameAs":["https:\/\/www.facebook.com\/kitesurf.jaxsunsports","https:\/\/x.com\/jaxsunsports","https:\/\/instagram.com\/jaxsunsports\/","https:\/\/be.linkedin.com\/pub\/mathieu-otjacques\/11\/217\/533","https:\/\/www.youtube.com\/user\/Jaxsunsports"]}]}},"ticketed":false,"_links":{"self":[{"href":"https:\/\/www.jaxsunsports.com\/en\/wp-json\/wp\/v2\/pages\/17263","targetHints":{"allow":["GET"]}}],"collection":[{"href":"https:\/\/www.jaxsunsports.com\/en\/wp-json\/wp\/v2\/pages"}],"about":[{"href":"https:\/\/www.jaxsunsports.com\/en\/wp-json\/wp\/v2\/types\/page"}],"author":[{"embeddable":true,"href":"https:\/\/www.jaxsunsports.com\/en\/wp-json\/wp\/v2\/users\/1"}],"replies":[{"embeddable":true,"href":"https:\/\/www.jaxsunsports.com\/en\/wp-json\/wp\/v2\/comments?post=17263"}],"version-history":[{"count":1,"href":"https:\/\/www.jaxsunsports.com\/en\/wp-json\/wp\/v2\/pages\/17263\/revisions"}],"predecessor-version":[{"id":19266,"href":"https:\/\/www.jaxsunsports.com\/en\/wp-json\/wp\/v2\/pages\/17263\/revisions\/19266"}],"wp:attachment":[{"href":"https:\/\/www.jaxsunsports.com\/en\/wp-json\/wp\/v2\/media?parent=17263"}],"curies":[{"name":"wp","href":"https:\/\/api.w.org\/{rel}","templated":true}]}}